{"id":8003,"date":"2022-08-25T23:13:59","date_gmt":"2022-08-25T23:13:59","guid":{"rendered":"https:\/\/qoserhomes.com\/about-us\/"},"modified":"2022-12-12T00:20:17","modified_gmt":"2022-12-12T00:20:17","slug":"about-us","status":"publish","type":"page","link":"https:\/\/qoserhomes.com\/tr\/about-us\/","title":{"rendered":"Hakk\u0131m\u0131zda"},"content":{"rendered":"\t\t<div data-elementor-type=\"wp-page\" data-elementor-id=\"8003\" class=\"elementor elementor-8003 elementor-2\">\n\t\t\t\t\t\t<section class=\"elementor-section elementor-top-section elementor-element elementor-element-13fdd79 elementor-section-boxed elementor-section-height-default elementor-section-height-default\" data-id=\"13fdd79\" data-element_type=\"section\">\n\t\t\t\t\t\t<div class=\"elementor-container elementor-column-gap-default\">\n\t\t\t\t\t<div class=\"elementor-column elementor-col-100 elementor-top-column elementor-element elementor-element-5b453faf\" data-id=\"5b453faf\" data-element_type=\"column\">\n\t\t\t<div class=\"elementor-widget-wrap elementor-element-populated\">\n\t\t\t\t\t\t<div class=\"elementor-element elementor-element-374795d0 elementor-widget elementor-widget-text-editor\" data-id=\"374795d0\" data-element_type=\"widget\" data-widget_type=\"text-editor.default\">\n\t\t\t\t<div class=\"elementor-widget-container\">\n\t\t\t<style>\/*! elementor - v3.22.0 - 26-06-2024 *\/\n.elementor-widget-text-editor.elementor-drop-cap-view-stacked .elementor-drop-cap{background-color:#69727d;color:#fff}.elementor-widget-text-editor.elementor-drop-cap-view-framed .elementor-drop-cap{color:#69727d;border:3px solid;background-color:transparent}.elementor-widget-text-editor:not(.elementor-drop-cap-view-default) .elementor-drop-cap{margin-top:8px}.elementor-widget-text-editor:not(.elementor-drop-cap-view-default) .elementor-drop-cap-letter{width:1em;height:1em}.elementor-widget-text-editor .elementor-drop-cap{float:left;text-align:center;line-height:1;font-size:50px}.elementor-widget-text-editor .elementor-drop-cap-letter{display:inline-block}<\/style>\t\t\t\t<p><strong>Biz kimiz? Ve Neden T\u00fcrkiye&#8217;de Emlak Ofisiniz Olarak Bizi Se\u00e7melisiniz?<\/strong><\/p><p><strong>Qoser Homes<\/strong>, \u00f6zellikle Alanya&#8217;da ve T\u00fcrkiye&#8217;nin di\u011fer \u015fehirlerinde gayrimenkul ve hukuki dan\u0131\u015fmanl\u0131k, arac\u0131l\u0131k ve gayrimenkul geli\u015ftirme konusunda uzmanla\u015fm\u0131\u015f bir T\u00fcrk \u015firketidir.<\/p><p><strong>Qoser Homes<\/strong>, T\u00fcrkiye&#8217;de m\u00fclk sat\u0131n al\u0131rken size en iyi hizmeti vermeye haz\u0131r profesyonellerden olu\u015fur. T\u00fcrkiye&#8217;de hayalinizdeki evi sat\u0131n almak i\u00e7in profesyonel ekiplerimiz size kendi dilinizde yard\u0131mc\u0131 olacakt\u0131r. \u0130lk hedefimiz sizi evinizdeymi\u015f gibi hissettirmek. Ayn\u0131 zamanda T\u00fcrkiye&#8217;de sahip oldu\u011funuz m\u00fclklerin sat\u0131\u015f\u0131na da destek vermeye haz\u0131r\u0131z. Tecr\u00fcbeli ekibimiz, m\u00fclklerinizi satman\u0131z i\u00e7in size en iyi f\u0131rsatlar\u0131 sunacakt\u0131r. Ekibimiz, T\u00fcrkiye&#8217;deki evlerine sahip olmalar\u0131na yard\u0131mc\u0131 oldu\u011fumuz 500&#8217;den fazla memnun m\u00fc\u015fteriye ula\u015ft\u0131. Biz al\u0131c\u0131lar ve sat\u0131c\u0131lar aras\u0131ndaki bir ba\u011flant\u0131 gibi g\u00f6rebilirsiniz.<\/p><p>\u0130htiya\u00e7 duyaca\u011f\u0131n\u0131z t\u00fcm hizmetleri bir \u00e7at\u0131 alt\u0131nda topluyoruz. Bunu yaparken sigorta ofisi, muhasebe ofisi, sat\u0131\u015f sonras\u0131, kiralama ofisi, hukuk b\u00fcrosu gibi alt \u015firketlerimizle bu hizmetleri de vermekteyiz.<\/p><p><strong>Qoser Homes<\/strong>&#8216;daki emlak dan\u0131\u015fmanlar\u0131, m\u00fclk sat\u0131n alma prosed\u00fcr\u00fcn\u00fczde size yard\u0131mc\u0131 olmaktan \u015feref duyar. Bir m\u00fclk\u00fc satmak, her \u015feyi bitti\u011fi anlam\u0131na gelmez. Alman\u0131z gereken t\u00fcm belgeleri teslim edene kadar yan\u0131n\u0131zda olaca\u011f\u0131z. Ard\u0131ndan T\u00fcrkiye&#8217;deki evinizi kendi tarz\u0131n\u0131zda ya\u015famaya haz\u0131rlamak i\u00e7in yan\u0131n\u0131zda olaca\u011f\u0131z. Ne zaman &#8216;l\u00fctfen hayat\u0131m\u0131zdan git&#8217; derseniz o zaman sizi b\u0131rak\u0131r\u0131z \uf04a.<\/p><p><strong>Qoser Homes<\/strong>, T\u00fcm Avrupa, Orta Do\u011fu, Rusya ve Do\u011fu \u00dclkelerinde hizmet vermektedir. Art\u0131k bu i\u015f hakk\u0131nda \u00e7ok \u015fey bilen ve size 7\/24 yard\u0131mc\u0131 olmaktan mutluluk duyan son derece deneyimli bir ekibimiz var.<\/p><p><strong>Herhangi bir destek ve soru i\u00e7in l\u00fctfen bizimle ileti\u015fime ge\u00e7mekten \u00e7ekinmeyin.<\/strong><\/p>\t\t\t\t\t\t<\/div>\n\t\t\t\t<\/div>\n\t\t\t\t<div class=\"elementor-element elementor-element-d51afa9 elementor-widget-divider--view-line elementor-widget elementor-widget-divider\" data-id=\"d51afa9\" data-element_type=\"widget\" data-widget_type=\"divider.default\">\n\t\t\t\t<div class=\"elementor-widget-container\">\n\t\t\t<style>\/*! elementor - v3.22.0 - 26-06-2024 *\/\n.elementor-widget-divider{--divider-border-style:none;--divider-border-width:1px;--divider-color:#0c0d0e;--divider-icon-size:20px;--divider-element-spacing:10px;--divider-pattern-height:24px;--divider-pattern-size:20px;--divider-pattern-url:none;--divider-pattern-repeat:repeat-x}.elementor-widget-divider .elementor-divider{display:flex}.elementor-widget-divider .elementor-divider__text{font-size:15px;line-height:1;max-width:95%}.elementor-widget-divider .elementor-divider__element{margin:0 var(--divider-element-spacing);flex-shrink:0}.elementor-widget-divider .elementor-icon{font-size:var(--divider-icon-size)}.elementor-widget-divider .elementor-divider-separator{display:flex;margin:0;direction:ltr}.elementor-widget-divider--view-line_icon .elementor-divider-separator,.elementor-widget-divider--view-line_text .elementor-divider-separator{align-items:center}.elementor-widget-divider--view-line_icon .elementor-divider-separator:after,.elementor-widget-divider--view-line_icon .elementor-divider-separator:before,.elementor-widget-divider--view-line_text .elementor-divider-separator:after,.elementor-widget-divider--view-line_text .elementor-divider-separator:before{display:block;content:\"\";border-block-end:0;flex-grow:1;border-block-start:var(--divider-border-width) var(--divider-border-style) var(--divider-color)}.elementor-widget-divider--element-align-left .elementor-divider .elementor-divider-separator>.elementor-divider__svg:first-of-type{flex-grow:0;flex-shrink:100}.elementor-widget-divider--element-align-left .elementor-divider-separator:before{content:none}.elementor-widget-divider--element-align-left .elementor-divider__element{margin-left:0}.elementor-widget-divider--element-align-right .elementor-divider .elementor-divider-separator>.elementor-divider__svg:last-of-type{flex-grow:0;flex-shrink:100}.elementor-widget-divider--element-align-right .elementor-divider-separator:after{content:none}.elementor-widget-divider--element-align-right .elementor-divider__element{margin-right:0}.elementor-widget-divider--element-align-start .elementor-divider .elementor-divider-separator>.elementor-divider__svg:first-of-type{flex-grow:0;flex-shrink:100}.elementor-widget-divider--element-align-start .elementor-divider-separator:before{content:none}.elementor-widget-divider--element-align-start .elementor-divider__element{margin-inline-start:0}.elementor-widget-divider--element-align-end .elementor-divider .elementor-divider-separator>.elementor-divider__svg:last-of-type{flex-grow:0;flex-shrink:100}.elementor-widget-divider--element-align-end .elementor-divider-separator:after{content:none}.elementor-widget-divider--element-align-end .elementor-divider__element{margin-inline-end:0}.elementor-widget-divider:not(.elementor-widget-divider--view-line_text):not(.elementor-widget-divider--view-line_icon) .elementor-divider-separator{border-block-start:var(--divider-border-width) var(--divider-border-style) var(--divider-color)}.elementor-widget-divider--separator-type-pattern{--divider-border-style:none}.elementor-widget-divider--separator-type-pattern.elementor-widget-divider--view-line .elementor-divider-separator,.elementor-widget-divider--separator-type-pattern:not(.elementor-widget-divider--view-line) .elementor-divider-separator:after,.elementor-widget-divider--separator-type-pattern:not(.elementor-widget-divider--view-line) .elementor-divider-separator:before,.elementor-widget-divider--separator-type-pattern:not([class*=elementor-widget-divider--view]) .elementor-divider-separator{width:100%;min-height:var(--divider-pattern-height);-webkit-mask-size:var(--divider-pattern-size) 100%;mask-size:var(--divider-pattern-size) 100%;-webkit-mask-repeat:var(--divider-pattern-repeat);mask-repeat:var(--divider-pattern-repeat);background-color:var(--divider-color);-webkit-mask-image:var(--divider-pattern-url);mask-image:var(--divider-pattern-url)}.elementor-widget-divider--no-spacing{--divider-pattern-size:auto}.elementor-widget-divider--bg-round{--divider-pattern-repeat:round}.rtl .elementor-widget-divider .elementor-divider__text{direction:rtl}.e-con-inner>.elementor-widget-divider,.e-con>.elementor-widget-divider{width:var(--container-widget-width,100%);--flex-grow:var(--container-widget-flex-grow)}<\/style>\t\t<div class=\"elementor-divider\">\n\t\t\t<span class=\"elementor-divider-separator\">\n\t\t\t\t\t\t<\/span>\n\t\t<\/div>\n\t\t\t\t<\/div>\n\t\t\t\t<\/div>\n\t\t\t\t\t<\/div>\n\t\t<\/div>\n\t\t\t\t\t<\/div>\n\t\t<\/section>\n\t\t\t\t<section class=\"elementor-section elementor-top-section elementor-element elementor-element-f8f9e51 elementor-section-boxed elementor-section-height-default elementor-section-height-default\" data-id=\"f8f9e51\" data-element_type=\"section\">\n\t\t\t\t\t\t<div class=\"elementor-container elementor-column-gap-default\">\n\t\t\t\t\t<div class=\"elementor-column elementor-col-100 elementor-top-column elementor-element elementor-element-3716a8e\" data-id=\"3716a8e\" data-element_type=\"column\">\n\t\t\t<div class=\"elementor-widget-wrap elementor-element-populated\">\n\t\t\t\t\t\t<div class=\"elementor-element elementor-element-9961c0a elementor-widget elementor-widget-rhea-agent-contact-form-widget\" data-id=\"9961c0a\" data-element_type=\"widget\" data-widget_type=\"rhea-agent-contact-form-widget.default\">\n\t\t\t\t<div class=\"elementor-widget-container\">\n\t\t\t\n        <div class=\"rhea_acf_wrapper \">\n            <div class=\"rhea_acf_box\">\n\n                <div class=\"rhea_thumb_and_form\">\n                    <div class=\"rhea_thumb_and_form_inner\">\n\t\t\t\t\t\t                            <div class=\"rhea_acf_thumb_wrapper\">\n\t\t\t\t\t\t\t\t                                <a href=\"#\"\n                                   class=\"rhea_acf_agent_thumbnail \"  target=&quot;_blank&quot;  rel=&quot;nofollow&quot;  >\n\t\t\t\t\t\t\t\t\t                                        <div class=\"rhea_acf_thumb_label\">\n\t\t\t\t\t\t\t\t\t\t\t                                                <h4>Enes Altundal<\/h4>\n\t\t\t\t\t\t\t\t\t\t\t\t                                                <span>Founder<\/span>\n\t\t\t\t\t\t\t\t\t\t\t\t                                        <\/div>\n\t\t\t\t\t\t\t\t\t\t                                        <div class=\"rhea_acf_thumb_box\"\n                                             style=\"background-image: url(https:\/\/qoserhomes.com\/wp-content\/uploads\/2020\/05\/enes-altundal.png)\"><\/div>\n\t\t\t\t\t\t\t\t\t\t                                <\/a>\n\t\t\t\t\t\t\t                            <\/div>\n\n\t\t\t\t\t\t\t                        <div class=\"rhea_acf_form\">\n\n\t\t\t\t\t\t\t                                <form class=\"rhea_acf_form_box\" id=\"acf_9961c0a\"\n                                      method=\"post\"\n                                      action=\"https:\/\/qoserhomes.com\/wp-admin\/admin-ajax.php\">\n\t\t\t\t\t\t\t\t\t                                        <label class=\"rhea_acf_label\"\n                                               for=\"acf_name_9961c0a\">Full Name<\/label>\n\t\t\t\t\t\t\t\t\t\t                                    <input id=\"acf_name_9961c0a\" class=\"rhea_acf_text required\" type=\"text\" name=\"name\"\n                                           placeholder=\"\">\n\t\t\t\t\t\t\t\t\t                                        <label class=\"rhea_acf_label\"\n                                               for=\"acf_email_9961c0a\">Email<\/label>\n\t\t\t\t\t\t\t\t\t\t                                    <input id=\"acf_email_9961c0a\" class=\"rhea_acf_text email required\" type=\"email\" name=\"email\"\n                                           placeholder=\"\">\n\n\t\t\t\t\t\t\t\t\t                                        <label class=\"rhea_acf_label\"\n                                               for=\"acf_message_9961c0a\">Your Message<\/label>\n\t\t\t\t\t\t\t\t\t\t                                    <textarea id=\"acf_message_9961c0a\" class=\"rhea_acf_textarea required\" rows=\"8\" name=\"message\"\n                                              placeholder=\"\"><\/textarea>\n\n\t\t\t\t\t\t\t\t\t\n\t\t\t\t\t\t\t\t\t\n                                    <input type=\"hidden\" name=\"nonce\"\n                                           value=\"4e9dabceab\"\/>\n                                    <input type=\"hidden\" name=\"target\"\n                                           value=\"&#105;&#110;f&#111;&#064;q&#111;&#115;e&#114;ho&#109;es&#046;co&#109;\">\n\n\t\t\t\t\t\t\t\t\t                                        <input type=\"hidden\" name=\"agent-name\"\n                                               value=\"Enes Altundal\">\n\t\t\t\t\t\t\t\t\t\t                                    <input type=\"hidden\" name=\"action\" value=\"rhea_send_message_to_agent\"\/>\n\n                                    <div class=\"rhea_acf_submit_wrapper\">\n                                        <input id=\"acf_submit_9961c0a\"\n                                               class=\"rhea_acf_submit\" type=\"submit\" name=\"submit\"\n                                               value=\"Submit\">\n\n\n                                    <\/div>\n\n                                    <div class=\"rhea_agent_form__row\">\n                                        <div class=\"rhea-ajax-loader\">\n                                            <span class=\"rhea_loader_box\"><svg xmlns=\"http:\/\/www.w3.org\/2000\/svg\" xmlns:xlink=\"http:\/\/www.w3.org\/1999\/xlink\" width=\"32px\" height=\"32px\" viewBox=\"0 0 128 128\" xml:space=\"preserve\"><rect x=\"0\" y=\"0\" width=\"100%\" height=\"100%\" fill=\"#FFFFFF\" \/><g><path d=\"M75.4 126.63a11.43 11.43 0 0 1-2.1-22.65 40.9 40.9 0 0 0 30.5-30.6 11.4 11.4 0 1 1 22.27 4.87h.02a63.77 63.77 0 0 1-47.8 48.05v-.02a11.38 11.38 0 0 1-2.93.37z\" fill=\"#1ea69a\" fill-opacity=\"1\"\/><animateTransform attributeName=\"transform\" type=\"rotate\" from=\"0 64 64\" to=\"360 64 64\" dur=\"1000ms\" repeatCount=\"indefinite\"><\/animateTransform><\/g><\/svg>\n<\/span>\n                                        <\/div>\n                                        <div class=\"rhea-error-container\"><\/div>\n                                        <div class=\"rhea-message-container\"><\/div>\n                                    <\/div>\n                                <\/form>\n\n\t\t\t\t\t\t\t\t\n                        <\/div>\n                    <\/div>\n                <\/div>\n\n\t\t\t\t                    <div class=\"rhea_acf_inner rhea_acf_agent_contacts\">\n                        <div class=\"rhea_acf_contacts_inner\">\n\n\t\t\t\t\t\t\t                                <div class=\"rhea_acf_contact\">\n                                    <i class=\"rhea_acf_icon fas fa-phone-alt\"><\/i>\n                                    <div class=\"rhea_acf_contact_detail\">\n\t\t\t\t\t\t\t\t\t\t                                            <span class=\"rhea_acf_list_label\">Phone<\/span>\n\t\t\t\t\t\t\t\t\t\t\t                                        <a href=\"tel:+905324931147\"\n                                           class=\"rhea_acf_list_text\">+905324931147<\/a>\n                                    <\/div>\n                                <\/div>\n\t\t\t\t\t\t\t\t                                <div class=\"rhea_acf_contact\">\n                                    <i class=\"rhea_acf_icon fab fa-whatsapp\"><\/i>\n                                    <div class=\"rhea_acf_contact_detail\">\n\t\t\t\t\t\t\t\t\t\t                                            <span class=\"rhea_acf_list_label\">WhatsApp<\/span>\n\t\t\t\t\t\t\t\t\t\t\t                                        <a href=\"https:\/\/api.whatsapp.com\/send?phone=+905324931147\"\n                                           class=\"rhea_acf_list_text\">+905324931147<\/a>\n                                    <\/div>\n                                <\/div>\n\t\t\t\t\t\t\t\t                                <div class=\"rhea_acf_contact\">\n                                    <i class=\"rhea_acf_icon fas fa-map-marker-alt\"><\/i>\n                                    <div class=\"rhea_acf_contact_detail\">\n\t\t\t\t\t\t\t\t\t\t                                            <span class=\"rhea_acf_list_label\">Office<\/span>\n\t\t\t\t\t\t\t\t\t\t\t                                        <span class=\"rhea_acf_list_text\">\u015eekerhane Mahallesi Yaylayolu Caddesi No:52\/C<\/span>\n                                    <\/div>\n                                <\/div>\n\t\t\t\t\t\t\t\t                            <div class=\"rhea_acf_contact\">\n                                <i class=\"rhea_acf_icon fas fa-user-circle\"><\/i>\n                                <div class=\"rhea_acf_contact_detail\">\n\t\t\t\t\t\t\t\t\t                                        <span class=\"rhea_acf_list_label\">Follow Me<\/span>\n\t\t\t\t\t\t\t\t\t\t                                        <ul class=\"rhea_acf_socials\">\n\t\t\t\t\t\t\t\t\t\t\t                                                <li class=\"rhea_item_facebook\">\n                                                    <a href=\"#\"\n\t\t\t\t\t\t\t\t\t\t\t\t\t\t target=&quot;_blank&quot;  rel=&quot;nofollow&quot;  >\n                                                        <i class=\"fab fa-facebook fa-lg\"><\/i>\n                                                    <\/a>\n                                                <\/li>\n\t\t\t\t\t\t\t\t\t\t\t\t                                                <li class=\"rhea_item_twitter\">\n                                                    <a href=\"#\"\n\t\t\t\t\t\t\t\t\t\t\t\t\t\t target=&quot;_blank&quot;  rel=&quot;nofollow&quot;  >\n                                                        <i class=\"fab fa-twitter fa-lg\"><\/i>\n                                                    <\/a>\n                                                <\/li>\n\t\t\t\t\t\t\t\t\t\t\t\t                                                <li class=\"rhea_item_instagram\">\n                                                    <a href=\"#\"\n\t\t\t\t\t\t\t\t\t\t\t\t\t\t target=&quot;_blank&quot;  rel=&quot;nofollow&quot;  >\n                                                        <i class=\"fab fa-instagram fa-lg\"><\/i>\n                                                    <\/a>\n                                                <\/li>\n\t\t\t\t\t\t\t\t\t\t\t\t                                                <li class=\"rhea_item_youtube\">\n                                                    <a href=\"#\"\n\t\t\t\t\t\t\t\t\t\t\t\t\t\t target=&quot;_blank&quot;  rel=&quot;nofollow&quot;  >\n                                                        <i class=\"fab fa-youtube fa-lg\"><\/i>\n                                                    <\/a>\n                                                <\/li>\n\t\t\t\t\t\t\t\t\t\t\t\t                                        <\/ul>\n\t\t\t\t\t\t\t\t\t\t                                <\/div>\n                            <\/div>\n                        <\/div>\n                    <\/div>\n\t\t\t\t            <\/div>\n        <\/div>\n        <script type=\"application\/javascript\">\n            jQuery(document).on('ready', function () {\n                rheaSubmitContactForm(\"#acf_9961c0a\", \"#acf_submit_9961c0a\");\n            });\n        <\/script>\n\t\t\t\t<\/div>\n\t\t\t\t<\/div>\n\t\t\t\t\t<\/div>\n\t\t<\/div>\n\t\t\t\t\t<\/div>\n\t\t<\/section>\n\t\t\t\t<\/div>\n\t\t","protected":false},"excerpt":{"rendered":"<p>Biz kimiz? Ve Neden T\u00fcrkiye&#8217;de Emlak Ofisiniz Olarak Bizi Se\u00e7melisiniz? Qoser Homes, \u00f6zellikle Alanya&#8217;da ve T\u00fcrkiye&#8217;nin di\u011fer \u015fehirlerinde gayrimenkul ve hukuki dan\u0131\u015fmanl\u0131k, arac\u0131l\u0131k ve gayrimenkul geli\u015ftirme konusunda uzmanla\u015fm\u0131\u015f bir T\u00fcrk \u015firketidir. Qoser Homes, T\u00fcrkiye&#8217;de m\u00fclk sat\u0131n al\u0131rken size en iyi hizmeti vermeye haz\u0131r profesyonellerden olu\u015fur. T\u00fcrkiye&#8217;de hayalinizdeki evi sat\u0131n almak i\u00e7in profesyonel ekiplerimiz size kendi&#8230;<\/p>\n","protected":false},"author":1,"featured_media":0,"parent":0,"menu_order":8,"comment_status":"closed","ping_status":"closed","template":"","meta":{"footnotes":""},"class_list":["post-8003","page","type-page","status-publish","hentry"],"jetpack_sharing_enabled":true,"_links":{"self":[{"href":"https:\/\/qoserhomes.com\/tr\/wp-json\/wp\/v2\/pages\/8003","targetHints":{"allow":["GET"]}}],"collection":[{"href":"https:\/\/qoserhomes.com\/tr\/wp-json\/wp\/v2\/pages"}],"about":[{"href":"https:\/\/qoserhomes.com\/tr\/wp-json\/wp\/v2\/types\/page"}],"author":[{"embeddable":true,"href":"https:\/\/qoserhomes.com\/tr\/wp-json\/wp\/v2\/users\/1"}],"replies":[{"embeddable":true,"href":"https:\/\/qoserhomes.com\/tr\/wp-json\/wp\/v2\/comments?post=8003"}],"version-history":[{"count":13,"href":"https:\/\/qoserhomes.com\/tr\/wp-json\/wp\/v2\/pages\/8003\/revisions"}],"predecessor-version":[{"id":11533,"href":"https:\/\/qoserhomes.com\/tr\/wp-json\/wp\/v2\/pages\/8003\/revisions\/11533"}],"wp:attachment":[{"href":"https:\/\/qoserhomes.com\/tr\/wp-json\/wp\/v2\/media?parent=8003"}],"curies":[{"name":"wp","href":"https:\/\/api.w.org\/{rel}","templated":true}]}}