{"id":8001,"date":"2022-08-25T23:13:59","date_gmt":"2022-08-25T23:13:59","guid":{"rendered":"https:\/\/qoserhomes.com\/about-us\/"},"modified":"2023-01-25T13:16:15","modified_gmt":"2023-01-25T13:16:15","slug":"about-us","status":"publish","type":"page","link":"https:\/\/qoserhomes.com\/de\/about-us\/","title":{"rendered":"\u00dcber uns"},"content":{"rendered":"\t\t<div data-elementor-type=\"wp-page\" data-elementor-id=\"8001\" class=\"elementor elementor-8001 elementor-2\">\n\t\t\t\t\t\t<section class=\"elementor-section elementor-top-section elementor-element elementor-element-13fdd79 elementor-section-boxed elementor-section-height-default elementor-section-height-default\" data-id=\"13fdd79\" data-element_type=\"section\">\n\t\t\t\t\t\t<div class=\"elementor-container elementor-column-gap-default\">\n\t\t\t\t\t<div class=\"elementor-column elementor-col-100 elementor-top-column elementor-element elementor-element-5b453faf\" data-id=\"5b453faf\" data-element_type=\"column\">\n\t\t\t<div class=\"elementor-widget-wrap elementor-element-populated\">\n\t\t\t\t\t\t<div class=\"elementor-element elementor-element-374795d0 elementor-widget elementor-widget-text-editor\" data-id=\"374795d0\" data-element_type=\"widget\" data-widget_type=\"text-editor.default\">\n\t\t\t\t<div class=\"elementor-widget-container\">\n\t\t\t<style>\/*! elementor - v3.22.0 - 26-06-2024 *\/\n.elementor-widget-text-editor.elementor-drop-cap-view-stacked .elementor-drop-cap{background-color:#69727d;color:#fff}.elementor-widget-text-editor.elementor-drop-cap-view-framed .elementor-drop-cap{color:#69727d;border:3px solid;background-color:transparent}.elementor-widget-text-editor:not(.elementor-drop-cap-view-default) .elementor-drop-cap{margin-top:8px}.elementor-widget-text-editor:not(.elementor-drop-cap-view-default) .elementor-drop-cap-letter{width:1em;height:1em}.elementor-widget-text-editor .elementor-drop-cap{float:left;text-align:center;line-height:1;font-size:50px}.elementor-widget-text-editor .elementor-drop-cap-letter{display:inline-block}<\/style>\t\t\t\t<p><strong>Wer ist Qoser Homes und warum sollten Sie uns als Ihr Immobilienberater in der T\u00fcrkei ausw\u00e4hlen?<\/strong><\/p><p>\u00a0<\/p><p>Qoser Homes ist ein t\u00fcrkisches Unternehmen, dass sich auf Immobilien- und Rechtsberatung, Maklerdienste und die Immobilienentwicklung spezialisiert hat. Der Fokus liegt insbesondere auf Alanya und auch auf weiteren St\u00e4dten \/ Regionen der T\u00fcrkei.<\/p><p>\u00a0<\/p><p>Qoser Homes besteht aus Fachleuten mit mehrj\u00e4hriger Erfahrung, die bereit sind, Ihnen den besten Service beim Kauf einer Immobilie in der T\u00fcrkei zu bieten.<\/p><p>Um Ihr Traumhaus in der T\u00fcrkei zu kaufen, werden unsere professionellen Teams Sie in Ihrer Sprache unterst\u00fctzen.<\/p><p>Unser erstes Ziel ist es, Ihnen das Gef\u00fchl zu geben, dass Sie sich in Ihrem Zuhause befinden, beziehungsweise das Sie ein sehr gutes Investment get\u00e4tigt haben. Gleichzeitig sind wir bereit, Sie beim Verkauf Ihrer Immobilien in der T\u00fcrkei zu unterst\u00fctzen. Unser erfahrenes Team wird Ihnen die besten M\u00f6glichkeiten f\u00fcr den Verkauf Ihrer Immobilien aufzeigen. Insgesamt haben wir mehr als 500 zufriedene Kunden, denen wir geholfen haben, ihre Immobilien in der T\u00fcrkei erfolgreich zu verkaufen. Wir verstehen uns als das Bindeglied zwischen K\u00e4ufern und Verk\u00e4ufern.<\/p><p>\u00a0<\/p><p>Alle Dienstleistungen, die Sie im Zusammenhang mit Ihrer Immobilie ben\u00f6tigen, vereinen wir f\u00fcr Sie unter einem Dach. Dabei bieten wir Ihnen unsere Kontakte und Dienstleistungen unserer Subunternehmen an, wie zum Beispiel s\u00e4mtlichen Versicherungsschutz, die Buchhaltung, das After-Sale-Mangement, die Vermietung und den Rechtsanwalt \/ Notar .<\/p><p>Die Immobilienmakler von Qoser Homes begleiten Sie auch nachdem erfolgreichen Kauf bzw. Verkauf Ihrer Immobilie. Wir unterst\u00fctzen Sie, bis s\u00e4mtliche notwendigen Dokumente an Sie \u00fcbergeben sind. Wir begleiten Sie gern und so lang wie Sie es m\u00f6chten dabei Ihr Haus in der T\u00fcrkei nach Ihren W\u00fcnschen und Vorstellungen einzurichten und zu modernisieren.<\/p><p>Qoser Homes bietet seine Dienstleistungen in ganz Europa, dem Nahen Osten, Russland und weiteren \u00f6stlichen L\u00e4ndern an. Unser erfahrenes und proffesionelles Team ist gl\u00fccklich Ihnen 24\/7 zu helfen und Ihre W\u00fcnsche zu Ihrer Immobilie zu erf\u00fcllen.<\/p><p>Bitte z\u00f6gern Sie nicht uns, zu Ihrer Unterst\u00fctzung und zu offenen Fragen, direkt zu kontaktieren.<\/p><p>\u00a0<\/p>\t\t\t\t\t\t<\/div>\n\t\t\t\t<\/div>\n\t\t\t\t<div class=\"elementor-element elementor-element-d51afa9 elementor-widget-divider--view-line elementor-widget elementor-widget-divider\" data-id=\"d51afa9\" data-element_type=\"widget\" data-widget_type=\"divider.default\">\n\t\t\t\t<div class=\"elementor-widget-container\">\n\t\t\t<style>\/*! elementor - v3.22.0 - 26-06-2024 *\/\n.elementor-widget-divider{--divider-border-style:none;--divider-border-width:1px;--divider-color:#0c0d0e;--divider-icon-size:20px;--divider-element-spacing:10px;--divider-pattern-height:24px;--divider-pattern-size:20px;--divider-pattern-url:none;--divider-pattern-repeat:repeat-x}.elementor-widget-divider .elementor-divider{display:flex}.elementor-widget-divider .elementor-divider__text{font-size:15px;line-height:1;max-width:95%}.elementor-widget-divider .elementor-divider__element{margin:0 var(--divider-element-spacing);flex-shrink:0}.elementor-widget-divider .elementor-icon{font-size:var(--divider-icon-size)}.elementor-widget-divider .elementor-divider-separator{display:flex;margin:0;direction:ltr}.elementor-widget-divider--view-line_icon .elementor-divider-separator,.elementor-widget-divider--view-line_text .elementor-divider-separator{align-items:center}.elementor-widget-divider--view-line_icon .elementor-divider-separator:after,.elementor-widget-divider--view-line_icon .elementor-divider-separator:before,.elementor-widget-divider--view-line_text .elementor-divider-separator:after,.elementor-widget-divider--view-line_text .elementor-divider-separator:before{display:block;content:\"\";border-block-end:0;flex-grow:1;border-block-start:var(--divider-border-width) var(--divider-border-style) var(--divider-color)}.elementor-widget-divider--element-align-left .elementor-divider .elementor-divider-separator>.elementor-divider__svg:first-of-type{flex-grow:0;flex-shrink:100}.elementor-widget-divider--element-align-left .elementor-divider-separator:before{content:none}.elementor-widget-divider--element-align-left .elementor-divider__element{margin-left:0}.elementor-widget-divider--element-align-right .elementor-divider .elementor-divider-separator>.elementor-divider__svg:last-of-type{flex-grow:0;flex-shrink:100}.elementor-widget-divider--element-align-right .elementor-divider-separator:after{content:none}.elementor-widget-divider--element-align-right .elementor-divider__element{margin-right:0}.elementor-widget-divider--element-align-start .elementor-divider .elementor-divider-separator>.elementor-divider__svg:first-of-type{flex-grow:0;flex-shrink:100}.elementor-widget-divider--element-align-start .elementor-divider-separator:before{content:none}.elementor-widget-divider--element-align-start .elementor-divider__element{margin-inline-start:0}.elementor-widget-divider--element-align-end .elementor-divider .elementor-divider-separator>.elementor-divider__svg:last-of-type{flex-grow:0;flex-shrink:100}.elementor-widget-divider--element-align-end .elementor-divider-separator:after{content:none}.elementor-widget-divider--element-align-end .elementor-divider__element{margin-inline-end:0}.elementor-widget-divider:not(.elementor-widget-divider--view-line_text):not(.elementor-widget-divider--view-line_icon) .elementor-divider-separator{border-block-start:var(--divider-border-width) var(--divider-border-style) var(--divider-color)}.elementor-widget-divider--separator-type-pattern{--divider-border-style:none}.elementor-widget-divider--separator-type-pattern.elementor-widget-divider--view-line .elementor-divider-separator,.elementor-widget-divider--separator-type-pattern:not(.elementor-widget-divider--view-line) .elementor-divider-separator:after,.elementor-widget-divider--separator-type-pattern:not(.elementor-widget-divider--view-line) .elementor-divider-separator:before,.elementor-widget-divider--separator-type-pattern:not([class*=elementor-widget-divider--view]) .elementor-divider-separator{width:100%;min-height:var(--divider-pattern-height);-webkit-mask-size:var(--divider-pattern-size) 100%;mask-size:var(--divider-pattern-size) 100%;-webkit-mask-repeat:var(--divider-pattern-repeat);mask-repeat:var(--divider-pattern-repeat);background-color:var(--divider-color);-webkit-mask-image:var(--divider-pattern-url);mask-image:var(--divider-pattern-url)}.elementor-widget-divider--no-spacing{--divider-pattern-size:auto}.elementor-widget-divider--bg-round{--divider-pattern-repeat:round}.rtl .elementor-widget-divider .elementor-divider__text{direction:rtl}.e-con-inner>.elementor-widget-divider,.e-con>.elementor-widget-divider{width:var(--container-widget-width,100%);--flex-grow:var(--container-widget-flex-grow)}<\/style>\t\t<div class=\"elementor-divider\">\n\t\t\t<span class=\"elementor-divider-separator\">\n\t\t\t\t\t\t<\/span>\n\t\t<\/div>\n\t\t\t\t<\/div>\n\t\t\t\t<\/div>\n\t\t\t\t\t<\/div>\n\t\t<\/div>\n\t\t\t\t\t<\/div>\n\t\t<\/section>\n\t\t\t\t<section class=\"elementor-section elementor-top-section elementor-element elementor-element-f9e70f3 elementor-section-boxed elementor-section-height-default elementor-section-height-default\" data-id=\"f9e70f3\" data-element_type=\"section\">\n\t\t\t\t\t\t<div class=\"elementor-container elementor-column-gap-default\">\n\t\t\t\t\t<div class=\"elementor-column elementor-col-100 elementor-top-column elementor-element elementor-element-1d76140\" data-id=\"1d76140\" data-element_type=\"column\">\n\t\t\t<div class=\"elementor-widget-wrap elementor-element-populated\">\n\t\t\t\t\t\t<div class=\"elementor-element elementor-element-b70a9ea elementor-widget elementor-widget-rhea-agent-contact-form-widget\" data-id=\"b70a9ea\" data-element_type=\"widget\" data-widget_type=\"rhea-agent-contact-form-widget.default\">\n\t\t\t\t<div class=\"elementor-widget-container\">\n\t\t\t\n        <div class=\"rhea_acf_wrapper \">\n            <div class=\"rhea_acf_box\">\n\n                <div class=\"rhea_thumb_and_form\">\n                    <div class=\"rhea_thumb_and_form_inner\">\n\t\t\t\t\t\t                            <div class=\"rhea_acf_thumb_wrapper\">\n\t\t\t\t\t\t\t\t                                <a href=\"#\"\n                                   class=\"rhea_acf_agent_thumbnail \"  target=&quot;_blank&quot;  rel=&quot;nofollow&quot;  >\n\t\t\t\t\t\t\t\t\t                                        <div class=\"rhea_acf_thumb_label\">\n\t\t\t\t\t\t\t\t\t\t\t                                                <h4>Enes Altundal<\/h4>\n\t\t\t\t\t\t\t\t\t\t\t\t                                                <span>Gr\u00fcnder<\/span>\n\t\t\t\t\t\t\t\t\t\t\t\t                                        <\/div>\n\t\t\t\t\t\t\t\t\t\t                                        <div class=\"rhea_acf_thumb_box\"\n                                             style=\"background-image: url(https:\/\/qoserhomes.com\/wp-content\/uploads\/2020\/05\/enes-altundal.png)\"><\/div>\n\t\t\t\t\t\t\t\t\t\t                                <\/a>\n\t\t\t\t\t\t\t                            <\/div>\n\n\t\t\t\t\t\t\t                        <div class=\"rhea_acf_form\">\n\n\t\t\t\t\t\t\t                                <form class=\"rhea_acf_form_box\" id=\"acf_b70a9ea\"\n                                      method=\"post\"\n                                      action=\"https:\/\/qoserhomes.com\/wp-admin\/admin-ajax.php\">\n\t\t\t\t\t\t\t\t\t                                        <label class=\"rhea_acf_label\"\n                                               for=\"acf_name_b70a9ea\">Vollst\u00e4ndiger Name<\/label>\n\t\t\t\t\t\t\t\t\t\t                                    <input id=\"acf_name_b70a9ea\" class=\"rhea_acf_text required\" type=\"text\" name=\"name\"\n                                           placeholder=\"\">\n\t\t\t\t\t\t\t\t\t                                        <label class=\"rhea_acf_label\"\n                                               for=\"acf_email_b70a9ea\">E-Mail<\/label>\n\t\t\t\t\t\t\t\t\t\t                                    <input id=\"acf_email_b70a9ea\" class=\"rhea_acf_text email required\" type=\"email\" name=\"email\"\n                                           placeholder=\"\">\n\n\t\t\t\t\t\t\t\t\t                                        <label class=\"rhea_acf_label\"\n                                               for=\"acf_message_b70a9ea\">Ihre Nachricht<\/label>\n\t\t\t\t\t\t\t\t\t\t                                    <textarea id=\"acf_message_b70a9ea\" class=\"rhea_acf_textarea required\" rows=\"8\" name=\"message\"\n                                              placeholder=\"\"><\/textarea>\n\n\t\t\t\t\t\t\t\t\t\n\t\t\t\t\t\t\t\t\t\n                                    <input type=\"hidden\" name=\"nonce\"\n                                           value=\"4e9dabceab\"\/>\n                                    <input type=\"hidden\" name=\"target\"\n                                           value=\"&#105;&#110;&#102;o&#064;&#113;&#111;s&#101;rho&#109;&#101;s&#046;com\">\n\n\t\t\t\t\t\t\t\t\t                                        <input type=\"hidden\" name=\"agent-name\"\n                                               value=\"Enes Altundal\">\n\t\t\t\t\t\t\t\t\t\t                                    <input type=\"hidden\" name=\"action\" value=\"rhea_send_message_to_agent\"\/>\n\n                                    <div class=\"rhea_acf_submit_wrapper\">\n                                        <input id=\"acf_submit_b70a9ea\"\n                                               class=\"rhea_acf_submit\" type=\"submit\" name=\"submit\"\n                                               value=\"Senden\">\n\n\n                                    <\/div>\n\n                                    <div class=\"rhea_agent_form__row\">\n                                        <div class=\"rhea-ajax-loader\">\n                                            <span class=\"rhea_loader_box\"><svg xmlns=\"http:\/\/www.w3.org\/2000\/svg\" xmlns:xlink=\"http:\/\/www.w3.org\/1999\/xlink\" width=\"32px\" height=\"32px\" viewBox=\"0 0 128 128\" xml:space=\"preserve\"><rect x=\"0\" y=\"0\" width=\"100%\" height=\"100%\" fill=\"#FFFFFF\" \/><g><path d=\"M75.4 126.63a11.43 11.43 0 0 1-2.1-22.65 40.9 40.9 0 0 0 30.5-30.6 11.4 11.4 0 1 1 22.27 4.87h.02a63.77 63.77 0 0 1-47.8 48.05v-.02a11.38 11.38 0 0 1-2.93.37z\" fill=\"#1ea69a\" fill-opacity=\"1\"\/><animateTransform attributeName=\"transform\" type=\"rotate\" from=\"0 64 64\" to=\"360 64 64\" dur=\"1000ms\" repeatCount=\"indefinite\"><\/animateTransform><\/g><\/svg>\n<\/span>\n                                        <\/div>\n                                        <div class=\"rhea-error-container\"><\/div>\n                                        <div class=\"rhea-message-container\"><\/div>\n                                    <\/div>\n                                <\/form>\n\n\t\t\t\t\t\t\t\t\n                        <\/div>\n                    <\/div>\n                <\/div>\n\n\t\t\t\t                    <div class=\"rhea_acf_inner rhea_acf_agent_contacts\">\n                        <div class=\"rhea_acf_contacts_inner\">\n\n\t\t\t\t\t\t\t                                <div class=\"rhea_acf_contact\">\n                                    <i class=\"rhea_acf_icon fas fa-phone-alt\"><\/i>\n                                    <div class=\"rhea_acf_contact_detail\">\n\t\t\t\t\t\t\t\t\t\t                                            <span class=\"rhea_acf_list_label\">Telefon<\/span>\n\t\t\t\t\t\t\t\t\t\t\t                                        <a href=\"tel:+905324931147\"\n                                           class=\"rhea_acf_list_text\">+905324931147<\/a>\n                                    <\/div>\n                                <\/div>\n\t\t\t\t\t\t\t\t                                <div class=\"rhea_acf_contact\">\n                                    <i class=\"rhea_acf_icon fab fa-whatsapp\"><\/i>\n                                    <div class=\"rhea_acf_contact_detail\">\n\t\t\t\t\t\t\t\t\t\t                                            <span class=\"rhea_acf_list_label\">WhatsApp<\/span>\n\t\t\t\t\t\t\t\t\t\t\t                                        <a href=\"https:\/\/api.whatsapp.com\/send?phone=+905324931147\"\n                                           class=\"rhea_acf_list_text\">+905324931147<\/a>\n                                    <\/div>\n                                <\/div>\n\t\t\t\t\t\t\t\t                                <div class=\"rhea_acf_contact\">\n                                    <i class=\"rhea_acf_icon fas fa-map-marker-alt\"><\/i>\n                                    <div class=\"rhea_acf_contact_detail\">\n\t\t\t\t\t\t\t\t\t\t                                            <span class=\"rhea_acf_list_label\">B\u00fcro<\/span>\n\t\t\t\t\t\t\t\t\t\t\t                                        <span class=\"rhea_acf_list_text\">\u015eekerhane Mahallesi Yaylayolu Caddesi No:52\/C<\/span>\n                                    <\/div>\n                                <\/div>\n\t\t\t\t\t\t\t\t                            <div class=\"rhea_acf_contact\">\n                                <i class=\"rhea_acf_icon fas fa-user-circle\"><\/i>\n                                <div class=\"rhea_acf_contact_detail\">\n\t\t\t\t\t\t\t\t\t                                        <span class=\"rhea_acf_list_label\">Folge mir<\/span>\n\t\t\t\t\t\t\t\t\t\t                                        <ul class=\"rhea_acf_socials\">\n\t\t\t\t\t\t\t\t\t\t\t                                                <li class=\"rhea_item_facebook\">\n                                                    <a href=\"#\"\n\t\t\t\t\t\t\t\t\t\t\t\t\t\t target=&quot;_blank&quot;  rel=&quot;nofollow&quot;  >\n                                                        <i class=\"fab fa-facebook fa-lg\"><\/i>\n                                                    <\/a>\n                                                <\/li>\n\t\t\t\t\t\t\t\t\t\t\t\t                                                <li class=\"rhea_item_twitter\">\n                                                    <a href=\"#\"\n\t\t\t\t\t\t\t\t\t\t\t\t\t\t target=&quot;_blank&quot;  rel=&quot;nofollow&quot;  >\n                                                        <i class=\"fab fa-twitter fa-lg\"><\/i>\n                                                    <\/a>\n                                                <\/li>\n\t\t\t\t\t\t\t\t\t\t\t\t                                                <li class=\"rhea_item_instagram\">\n                                                    <a href=\"#\"\n\t\t\t\t\t\t\t\t\t\t\t\t\t\t target=&quot;_blank&quot;  rel=&quot;nofollow&quot;  >\n                                                        <i class=\"fab fa-instagram fa-lg\"><\/i>\n                                                    <\/a>\n                                                <\/li>\n\t\t\t\t\t\t\t\t\t\t\t\t                                                <li class=\"rhea_item_youtube\">\n                                                    <a href=\"#\"\n\t\t\t\t\t\t\t\t\t\t\t\t\t\t target=&quot;_blank&quot;  rel=&quot;nofollow&quot;  >\n                                                        <i class=\"fab fa-youtube fa-lg\"><\/i>\n                                                    <\/a>\n                                                <\/li>\n\t\t\t\t\t\t\t\t\t\t\t\t                                        <\/ul>\n\t\t\t\t\t\t\t\t\t\t                                <\/div>\n                            <\/div>\n                        <\/div>\n                    <\/div>\n\t\t\t\t            <\/div>\n        <\/div>\n        <script type=\"application\/javascript\">\n            jQuery(document).on('ready', function () {\n                rheaSubmitContactForm(\"#acf_b70a9ea\", \"#acf_submit_b70a9ea\");\n            });\n        <\/script>\n\t\t\t\t<\/div>\n\t\t\t\t<\/div>\n\t\t\t\t\t<\/div>\n\t\t<\/div>\n\t\t\t\t\t<\/div>\n\t\t<\/section>\n\t\t\t\t<\/div>\n\t\t","protected":false},"excerpt":{"rendered":"<p>Wer ist Qoser Homes und warum sollten Sie uns als Ihr Immobilienberater in der T\u00fcrkei ausw\u00e4hlen? \u00a0 Qoser Homes ist ein t\u00fcrkisches Unternehmen, dass sich auf Immobilien- und Rechtsberatung, Maklerdienste und die Immobilienentwicklung spezialisiert hat. Der Fokus liegt insbesondere auf Alanya und auch auf weiteren St\u00e4dten \/ Regionen der T\u00fcrkei. \u00a0 Qoser Homes besteht aus&#8230;<\/p>\n","protected":false},"author":1,"featured_media":0,"parent":0,"menu_order":8,"comment_status":"closed","ping_status":"closed","template":"","meta":{"footnotes":""},"class_list":["post-8001","page","type-page","status-publish","hentry"],"jetpack_sharing_enabled":true,"_links":{"self":[{"href":"https:\/\/qoserhomes.com\/de\/wp-json\/wp\/v2\/pages\/8001","targetHints":{"allow":["GET"]}}],"collection":[{"href":"https:\/\/qoserhomes.com\/de\/wp-json\/wp\/v2\/pages"}],"about":[{"href":"https:\/\/qoserhomes.com\/de\/wp-json\/wp\/v2\/types\/page"}],"author":[{"embeddable":true,"href":"https:\/\/qoserhomes.com\/de\/wp-json\/wp\/v2\/users\/1"}],"replies":[{"embeddable":true,"href":"https:\/\/qoserhomes.com\/de\/wp-json\/wp\/v2\/comments?post=8001"}],"version-history":[{"count":13,"href":"https:\/\/qoserhomes.com\/de\/wp-json\/wp\/v2\/pages\/8001\/revisions"}],"predecessor-version":[{"id":13474,"href":"https:\/\/qoserhomes.com\/de\/wp-json\/wp\/v2\/pages\/8001\/revisions\/13474"}],"wp:attachment":[{"href":"https:\/\/qoserhomes.com\/de\/wp-json\/wp\/v2\/media?parent=8001"}],"curies":[{"name":"wp","href":"https:\/\/api.w.org\/{rel}","templated":true}]}}